{"id":299,"date":"2025-11-04T15:37:06","date_gmt":"2025-11-04T15:37:06","guid":{"rendered":"https:\/\/www.pascalinedeglodebesses.com\/?page_id=299"},"modified":"2025-12-15T16:52:11","modified_gmt":"2025-12-15T16:52:11","slug":"expositions","status":"publish","type":"page","link":"http:\/\/www.pascalinedeglodebesses.com\/index.php\/expositions\/","title":{"rendered":"actualit\u00e9s"},"content":{"rendered":"\n<figure class=\"wp-block-image size-full is-resized\"><img loading=\"lazy\" decoding=\"async\" width=\"500\" height=\"500\" src=\"https:\/\/www.pascalinedeglodebesses.com\/wp-content\/uploads\/2025\/11\/monts-et-merveilles-invit.jpg\" alt=\"actualit\u00e9 et exposition de gravures de paysages\" class=\"wp-image-518\" style=\"width:1028px;height:auto\" srcset=\"http:\/\/www.pascalinedeglodebesses.com\/wp-content\/uploads\/2025\/11\/monts-et-merveilles-invit.jpg 500w, http:\/\/www.pascalinedeglodebesses.com\/wp-content\/uploads\/2025\/11\/monts-et-merveilles-invit-300x300.jpg 300w, http:\/\/www.pascalinedeglodebesses.com\/wp-content\/uploads\/2025\/11\/monts-et-merveilles-invit-150x150.jpg 150w\" sizes=\"auto, (max-width: 500px) 100vw, 500px\" \/><\/figure>\n\n\n\n<figure class=\"wp-block-image size-full is-resized\"><img loading=\"lazy\" decoding=\"async\" width=\"567\" height=\"567\" src=\"http:\/\/www.pascalinedeglodebesses.com\/wp-content\/uploads\/2025\/12\/DSCF8125B.png\" alt=\"exposition sculptures et gravures \" class=\"wp-image-792\" style=\"width:1012px;height:auto\" srcset=\"http:\/\/www.pascalinedeglodebesses.com\/wp-content\/uploads\/2025\/12\/DSCF8125B.png 567w, http:\/\/www.pascalinedeglodebesses.com\/wp-content\/uploads\/2025\/12\/DSCF8125B-300x300.png 300w, http:\/\/www.pascalinedeglodebesses.com\/wp-content\/uploads\/2025\/12\/DSCF8125B-150x150.png 150w\" sizes=\"auto, (max-width: 567px) 100vw, 567px\" \/><\/figure>\n\n\n\n<p>Une exposition de gravures et de sculptures \u00e0 la Galerie Une Image, rue Honor\u00e9 de Balzac 42000 Saint-\u00c9tienne, du<strong> 6 au 22 novembre<\/strong> <strong>2025<\/strong>.<\/p>\n\n\n\n<figure class=\"wp-block-image\"><a href=\"https:\/\/www.citedudesign.store\/fr\/?srsltid=AfmBOor94ghP1e_maaOo25q6O6qx49p4Oe7ttEAY21LJW3VxAchzEPGp\" target=\"_blank\" rel=\" noreferrer noopener\"><img decoding=\"async\" src=\"https:\/\/pascalinedgdb-aklor.wordpress.com\/wp-content\/uploads\/2025\/10\/yoroi-et-.jpg?w=1024\" alt=\"masque bijou objet contemporain boutique cit\u00e9 du design\" class=\"wp-image-190\"\/><\/a><\/figure>\n\n\n\n<p><\/p>\n\n\n\n<h3 class=\"wp-block-heading\">BOUTIQUE de la CIT\u00c9 du DESIGN<\/h3>\n\n\n\n<p>Retrouvez la s\u00e9rie de masques japonais, les paradis terrestres et la collection de bijoux \u00ab\u00a0unisex\u00a0\u00bb en vente \u00e0 la boutique de la Platine, rue Javelin Panon, 42000 Saint-Etienne. <strong>2025-2026<\/strong><\/p>\n\n\n\n<p><\/p>\n","protected":false},"excerpt":{"rendered":"<p>Une exposition de gravures et de sculptures \u00e0 la Galerie Une Image, rue Honor\u00e9 de Balzac 42000 Saint-\u00c9tienne, du 6 au 22 novembre 2025. BOUTIQUE de la CIT\u00c9 du DESIGN Retrouvez la s\u00e9rie de masques japonais, les paradis terrestres et la collection de bijoux \u00ab\u00a0unisex\u00a0\u00bb en vente \u00e0 la boutique de la Platine, rue Javelin&hellip;&nbsp;<a href=\"http:\/\/www.pascalinedeglodebesses.com\/index.php\/expositions\/\" rel=\"bookmark\"><span class=\"screen-reader-text\">actualit\u00e9s<\/span><\/a><\/p>\n","protected":false},"author":1,"featured_media":0,"parent":0,"menu_order":0,"comment_status":"closed","ping_status":"closed","template":"","meta":{"neve_meta_sidebar":"","neve_meta_container":"","neve_meta_enable_content_width":"","neve_meta_content_width":0,"neve_meta_title_alignment":"","neve_meta_author_avatar":"","neve_post_elements_order":"","neve_meta_disable_header":"","neve_meta_disable_footer":"","neve_meta_disable_title":"","_themeisle_gutenberg_block_has_review":false,"footnotes":""},"class_list":["post-299","page","type-page","status-publish","hentry"],"yoast_head":"<!-- This site is optimized with the Yoast SEO plugin v26.2 - https:\/\/yoast.com\/wordpress\/plugins\/seo\/ -->\n<title>actualit\u00e9s - Pascaline de Glo de Besses<\/title>\n<meta name=\"description\" content=\"exposition de gravures grand format \u00e0 la galerie une image art et photographie et sculptures et vid\u00e9os Pascaline de Glo de Besses actualit\u00e9s -\" \/>\n<meta name=\"robots\" content=\"index, follow, max-snippet:-1, max-image-preview:large, max-video-preview:-1\" \/>\n<link rel=\"canonical\" href=\"https:\/\/www.pascalinedeglodebesses.com\/index.php\/expositions\/\" \/>\n<meta property=\"og:locale\" content=\"fr_FR\" \/>\n<meta property=\"og:type\" content=\"article\" \/>\n<meta property=\"og:title\" content=\"actualit\u00e9s - Pascaline de Glo de Besses\" \/>\n<meta property=\"og:description\" content=\"exposition de gravures grand format \u00e0 la galerie une image art et photographie et sculptures et vid\u00e9os Pascaline de Glo de Besses actualit\u00e9s -\" \/>\n<meta property=\"og:url\" content=\"https:\/\/www.pascalinedeglodebesses.com\/index.php\/expositions\/\" \/>\n<meta property=\"og:site_name\" content=\"Pascaline de Glo de Besses\" \/>\n<meta property=\"article:modified_time\" content=\"2025-12-15T16:52:11+00:00\" \/>\n<meta property=\"og:image\" content=\"https:\/\/www.pascalinedeglodebesses.com\/wp-content\/uploads\/2025\/11\/monts-et-merveilles-invit.jpg\" \/>\n<meta name=\"twitter:card\" content=\"summary_large_image\" \/>\n<meta name=\"twitter:label1\" content=\"Dur\u00e9e de lecture estim\u00e9e\" \/>\n\t<meta name=\"twitter:data1\" content=\"1 minute\" \/>\n<script type=\"application\/ld+json\" class=\"yoast-schema-graph\">{\"@context\":\"https:\/\/schema.org\",\"@graph\":[{\"@type\":\"WebPage\",\"@id\":\"https:\/\/www.pascalinedeglodebesses.com\/index.php\/expositions\/\",\"url\":\"https:\/\/www.pascalinedeglodebesses.com\/index.php\/expositions\/\",\"name\":\"actualit\u00e9s - Pascaline de Glo de Besses\",\"isPartOf\":{\"@id\":\"http:\/\/www.pascalinedeglodebesses.com\/#website\"},\"primaryImageOfPage\":{\"@id\":\"https:\/\/www.pascalinedeglodebesses.com\/index.php\/expositions\/#primaryimage\"},\"image\":{\"@id\":\"https:\/\/www.pascalinedeglodebesses.com\/index.php\/expositions\/#primaryimage\"},\"thumbnailUrl\":\"https:\/\/www.pascalinedeglodebesses.com\/wp-content\/uploads\/2025\/11\/monts-et-merveilles-invit.jpg\",\"datePublished\":\"2025-11-04T15:37:06+00:00\",\"dateModified\":\"2025-12-15T16:52:11+00:00\",\"description\":\"exposition de gravures grand format \u00e0 la galerie une image art et photographie et sculptures et vid\u00e9os Pascaline de Glo de Besses actualit\u00e9s -\",\"breadcrumb\":{\"@id\":\"https:\/\/www.pascalinedeglodebesses.com\/index.php\/expositions\/#breadcrumb\"},\"inLanguage\":\"fr-FR\",\"potentialAction\":[{\"@type\":\"ReadAction\",\"target\":[\"https:\/\/www.pascalinedeglodebesses.com\/index.php\/expositions\/\"]}]},{\"@type\":\"ImageObject\",\"inLanguage\":\"fr-FR\",\"@id\":\"https:\/\/www.pascalinedeglodebesses.com\/index.php\/expositions\/#primaryimage\",\"url\":\"http:\/\/www.pascalinedeglodebesses.com\/wp-content\/uploads\/2025\/11\/monts-et-merveilles-invit.jpg\",\"contentUrl\":\"http:\/\/www.pascalinedeglodebesses.com\/wp-content\/uploads\/2025\/11\/monts-et-merveilles-invit.jpg\",\"width\":500,\"height\":500},{\"@type\":\"BreadcrumbList\",\"@id\":\"https:\/\/www.pascalinedeglodebesses.com\/index.php\/expositions\/#breadcrumb\",\"itemListElement\":[{\"@type\":\"ListItem\",\"position\":1,\"name\":\"Home\",\"item\":\"http:\/\/www.pascalinedeglodebesses.com\/\"},{\"@type\":\"ListItem\",\"position\":2,\"name\":\"actualit\u00e9s\"}]},{\"@type\":\"WebSite\",\"@id\":\"http:\/\/www.pascalinedeglodebesses.com\/#website\",\"url\":\"http:\/\/www.pascalinedeglodebesses.com\/\",\"name\":\"Pascaline de Glo de Besses\",\"description\":\"artiste\",\"publisher\":{\"@id\":\"http:\/\/www.pascalinedeglodebesses.com\/#\/schema\/person\/5af4777f0d0de7444ba13dd16c7b1351\"},\"potentialAction\":[{\"@type\":\"SearchAction\",\"target\":{\"@type\":\"EntryPoint\",\"urlTemplate\":\"http:\/\/www.pascalinedeglodebesses.com\/?s={search_term_string}\"},\"query-input\":{\"@type\":\"PropertyValueSpecification\",\"valueRequired\":true,\"valueName\":\"search_term_string\"}}],\"inLanguage\":\"fr-FR\"},{\"@type\":[\"Person\",\"Organization\"],\"@id\":\"http:\/\/www.pascalinedeglodebesses.com\/#\/schema\/person\/5af4777f0d0de7444ba13dd16c7b1351\",\"name\":\"admin6698\",\"image\":{\"@type\":\"ImageObject\",\"inLanguage\":\"fr-FR\",\"@id\":\"http:\/\/www.pascalinedeglodebesses.com\/#\/schema\/person\/image\/\",\"url\":\"http:\/\/www.pascalinedeglodebesses.com\/wp-content\/uploads\/2025\/12\/portrait-masque-NB-pur.jpg\",\"contentUrl\":\"http:\/\/www.pascalinedeglodebesses.com\/wp-content\/uploads\/2025\/12\/portrait-masque-NB-pur.jpg\",\"width\":1005,\"height\":1005,\"caption\":\"admin6698\"},\"logo\":{\"@id\":\"http:\/\/www.pascalinedeglodebesses.com\/#\/schema\/person\/image\/\"},\"sameAs\":[\"http:\/\/yxxawek.cluster129.hosting.ovh.net\"]}]}<\/script>\n<!-- \/ Yoast SEO plugin. -->","yoast_head_json":{"title":"actualit\u00e9s - Pascaline de Glo de Besses","description":"exposition de gravures grand format \u00e0 la galerie une image art et photographie et sculptures et vid\u00e9os Pascaline de Glo de Besses actualit\u00e9s -","robots":{"index":"index","follow":"follow","max-snippet":"max-snippet:-1","max-image-preview":"max-image-preview:large","max-video-preview":"max-video-preview:-1"},"canonical":"https:\/\/www.pascalinedeglodebesses.com\/index.php\/expositions\/","og_locale":"fr_FR","og_type":"article","og_title":"actualit\u00e9s - Pascaline de Glo de Besses","og_description":"exposition de gravures grand format \u00e0 la galerie une image art et photographie et sculptures et vid\u00e9os Pascaline de Glo de Besses actualit\u00e9s -","og_url":"https:\/\/www.pascalinedeglodebesses.com\/index.php\/expositions\/","og_site_name":"Pascaline de Glo de Besses","article_modified_time":"2025-12-15T16:52:11+00:00","og_image":[{"url":"https:\/\/www.pascalinedeglodebesses.com\/wp-content\/uploads\/2025\/11\/monts-et-merveilles-invit.jpg","type":"","width":"","height":""}],"twitter_card":"summary_large_image","twitter_misc":{"Dur\u00e9e de lecture estim\u00e9e":"1 minute"},"schema":{"@context":"https:\/\/schema.org","@graph":[{"@type":"WebPage","@id":"https:\/\/www.pascalinedeglodebesses.com\/index.php\/expositions\/","url":"https:\/\/www.pascalinedeglodebesses.com\/index.php\/expositions\/","name":"actualit\u00e9s - Pascaline de Glo de Besses","isPartOf":{"@id":"http:\/\/www.pascalinedeglodebesses.com\/#website"},"primaryImageOfPage":{"@id":"https:\/\/www.pascalinedeglodebesses.com\/index.php\/expositions\/#primaryimage"},"image":{"@id":"https:\/\/www.pascalinedeglodebesses.com\/index.php\/expositions\/#primaryimage"},"thumbnailUrl":"https:\/\/www.pascalinedeglodebesses.com\/wp-content\/uploads\/2025\/11\/monts-et-merveilles-invit.jpg","datePublished":"2025-11-04T15:37:06+00:00","dateModified":"2025-12-15T16:52:11+00:00","description":"exposition de gravures grand format \u00e0 la galerie une image art et photographie et sculptures et vid\u00e9os Pascaline de Glo de Besses actualit\u00e9s -","breadcrumb":{"@id":"https:\/\/www.pascalinedeglodebesses.com\/index.php\/expositions\/#breadcrumb"},"inLanguage":"fr-FR","potentialAction":[{"@type":"ReadAction","target":["https:\/\/www.pascalinedeglodebesses.com\/index.php\/expositions\/"]}]},{"@type":"ImageObject","inLanguage":"fr-FR","@id":"https:\/\/www.pascalinedeglodebesses.com\/index.php\/expositions\/#primaryimage","url":"http:\/\/www.pascalinedeglodebesses.com\/wp-content\/uploads\/2025\/11\/monts-et-merveilles-invit.jpg","contentUrl":"http:\/\/www.pascalinedeglodebesses.com\/wp-content\/uploads\/2025\/11\/monts-et-merveilles-invit.jpg","width":500,"height":500},{"@type":"BreadcrumbList","@id":"https:\/\/www.pascalinedeglodebesses.com\/index.php\/expositions\/#breadcrumb","itemListElement":[{"@type":"ListItem","position":1,"name":"Home","item":"http:\/\/www.pascalinedeglodebesses.com\/"},{"@type":"ListItem","position":2,"name":"actualit\u00e9s"}]},{"@type":"WebSite","@id":"http:\/\/www.pascalinedeglodebesses.com\/#website","url":"http:\/\/www.pascalinedeglodebesses.com\/","name":"Pascaline de Glo de Besses","description":"artiste","publisher":{"@id":"http:\/\/www.pascalinedeglodebesses.com\/#\/schema\/person\/5af4777f0d0de7444ba13dd16c7b1351"},"potentialAction":[{"@type":"SearchAction","target":{"@type":"EntryPoint","urlTemplate":"http:\/\/www.pascalinedeglodebesses.com\/?s={search_term_string}"},"query-input":{"@type":"PropertyValueSpecification","valueRequired":true,"valueName":"search_term_string"}}],"inLanguage":"fr-FR"},{"@type":["Person","Organization"],"@id":"http:\/\/www.pascalinedeglodebesses.com\/#\/schema\/person\/5af4777f0d0de7444ba13dd16c7b1351","name":"admin6698","image":{"@type":"ImageObject","inLanguage":"fr-FR","@id":"http:\/\/www.pascalinedeglodebesses.com\/#\/schema\/person\/image\/","url":"http:\/\/www.pascalinedeglodebesses.com\/wp-content\/uploads\/2025\/12\/portrait-masque-NB-pur.jpg","contentUrl":"http:\/\/www.pascalinedeglodebesses.com\/wp-content\/uploads\/2025\/12\/portrait-masque-NB-pur.jpg","width":1005,"height":1005,"caption":"admin6698"},"logo":{"@id":"http:\/\/www.pascalinedeglodebesses.com\/#\/schema\/person\/image\/"},"sameAs":["http:\/\/yxxawek.cluster129.hosting.ovh.net"]}]}},"_links":{"self":[{"href":"http:\/\/www.pascalinedeglodebesses.com\/index.php\/wp-json\/wp\/v2\/pages\/299","targetHints":{"allow":["GET"]}}],"collection":[{"href":"http:\/\/www.pascalinedeglodebesses.com\/index.php\/wp-json\/wp\/v2\/pages"}],"about":[{"href":"http:\/\/www.pascalinedeglodebesses.com\/index.php\/wp-json\/wp\/v2\/types\/page"}],"author":[{"embeddable":true,"href":"http:\/\/www.pascalinedeglodebesses.com\/index.php\/wp-json\/wp\/v2\/users\/1"}],"replies":[{"embeddable":true,"href":"http:\/\/www.pascalinedeglodebesses.com\/index.php\/wp-json\/wp\/v2\/comments?post=299"}],"version-history":[{"count":11,"href":"http:\/\/www.pascalinedeglodebesses.com\/index.php\/wp-json\/wp\/v2\/pages\/299\/revisions"}],"predecessor-version":[{"id":794,"href":"http:\/\/www.pascalinedeglodebesses.com\/index.php\/wp-json\/wp\/v2\/pages\/299\/revisions\/794"}],"wp:attachment":[{"href":"http:\/\/www.pascalinedeglodebesses.com\/index.php\/wp-json\/wp\/v2\/media?parent=299"}],"curies":[{"name":"wp","href":"https:\/\/api.w.org\/{rel}","templated":true}]}}